{"id":487,"date":"2024-04-16T06:46:12","date_gmt":"2024-04-16T05:46:12","guid":{"rendered":"https:\/\/liganacionaldesalto.rfhe.com\/?page_id=487"},"modified":"2025-04-14T10:42:07","modified_gmt":"2025-04-14T09:42:07","slug":"barcelona-2024","status":"publish","type":"page","link":"https:\/\/rfhe.com\/liganacionaldesalto.com\/sedes\/barcelona-2024\/","title":{"rendered":"Barcelona 2024"},"content":{"rendered":"<ul>\n<li style=\"list-style-type: none;\">\n<ul>\n<li style=\"list-style-type: none;\">\n<ul>\n<li style=\"list-style-type: none;\">\n<ul>\n<li>\n<h2>REAL CLUB POLO DE BARCELONA<\/h2>\n<ul>\n<li><a href=\"https:\/\/online.equipe.com\/shows\/61754\">\u00d3rdenes de Salida y Resultados<\/a><\/li>\n<li><a href=\"https:\/\/rcpolo.com\/es\/\">https:\/\/rcpolo.com\/es\/<\/a><\/li>\n<li><a href=\"https:\/\/www.clipmyhorse.tv\/es_ES\/ondemand\/event\/13227\/competition\/281210\">Highlights Barcelona<\/a><\/li>\n<\/ul>\n<\/li>\n<\/ul>\n<\/li>\n<\/ul>\n<\/li>\n<\/ul>\n<\/li>\n<\/ul>\n<div id='gallery-1' class='gallery galleryid-487 gallery-columns-3 gallery-size-thumbnail'><figure class='gallery-item'>\n\t\t\t<div class='gallery-icon landscape'>\n\t\t\t\t<a href='https:\/\/rfhe.com\/liganacionaldesalto.com\/wp-content\/uploads\/2024\/06\/IMG-20240617-WA0045.jpg'><img loading=\"lazy\" decoding=\"async\" width=\"150\" height=\"150\" src=\"https:\/\/rfhe.com\/liganacionaldesalto.com\/wp-content\/uploads\/2024\/06\/IMG-20240617-WA0045-150x150.jpg\" class=\"attachment-thumbnail size-thumbnail\" alt=\"\" srcset=\"https:\/\/rfhe.com\/liganacionaldesalto.com\/wp-content\/uploads\/2024\/06\/IMG-20240617-WA0045-150x150.jpg 150w, https:\/\/rfhe.com\/liganacionaldesalto.com\/wp-content\/uploads\/2024\/06\/IMG-20240617-WA0045-600x600.jpg 600w\" sizes=\"auto, (max-width: 150px) 100vw, 150px\" \/><\/a>\n\t\t\t<\/div><\/figure><figure class='gallery-item'>\n\t\t\t<div class='gallery-icon portrait'>\n\t\t\t\t<a href='https:\/\/rfhe.com\/liganacionaldesalto.com\/wp-content\/uploads\/2024\/06\/IMG-20240617-WA0046.jpg'><img loading=\"lazy\" decoding=\"async\" width=\"150\" height=\"150\" src=\"https:\/\/rfhe.com\/liganacionaldesalto.com\/wp-content\/uploads\/2024\/06\/IMG-20240617-WA0046-150x150.jpg\" class=\"attachment-thumbnail size-thumbnail\" alt=\"\" srcset=\"https:\/\/rfhe.com\/liganacionaldesalto.com\/wp-content\/uploads\/2024\/06\/IMG-20240617-WA0046-150x150.jpg 150w, https:\/\/rfhe.com\/liganacionaldesalto.com\/wp-content\/uploads\/2024\/06\/IMG-20240617-WA0046-600x600.jpg 600w\" sizes=\"auto, (max-width: 150px) 100vw, 150px\" \/><\/a>\n\t\t\t<\/div><\/figure><figure class='gallery-item'>\n\t\t\t<div class='gallery-icon landscape'>\n\t\t\t\t<a href='https:\/\/rfhe.com\/liganacionaldesalto.com\/wp-content\/uploads\/2024\/06\/IMG-20240617-WA0047.jpg'><img loading=\"lazy\" decoding=\"async\" width=\"150\" height=\"150\" src=\"https:\/\/rfhe.com\/liganacionaldesalto.com\/wp-content\/uploads\/2024\/06\/IMG-20240617-WA0047-150x150.jpg\" class=\"attachment-thumbnail size-thumbnail\" alt=\"\" srcset=\"https:\/\/rfhe.com\/liganacionaldesalto.com\/wp-content\/uploads\/2024\/06\/IMG-20240617-WA0047-150x150.jpg 150w, https:\/\/rfhe.com\/liganacionaldesalto.com\/wp-content\/uploads\/2024\/06\/IMG-20240617-WA0047-600x600.jpg 600w\" sizes=\"auto, (max-width: 150px) 100vw, 150px\" \/><\/a>\n\t\t\t<\/div><\/figure><figure class='gallery-item'>\n\t\t\t<div class='gallery-icon landscape'>\n\t\t\t\t<a href='https:\/\/rfhe.com\/liganacionaldesalto.com\/wp-content\/uploads\/2024\/06\/IMG-20240617-WA0048.jpg'><img loading=\"lazy\" decoding=\"async\" width=\"150\" height=\"150\" src=\"https:\/\/rfhe.com\/liganacionaldesalto.com\/wp-content\/uploads\/2024\/06\/IMG-20240617-WA0048-150x150.jpg\" class=\"attachment-thumbnail size-thumbnail\" alt=\"\" srcset=\"https:\/\/rfhe.com\/liganacionaldesalto.com\/wp-content\/uploads\/2024\/06\/IMG-20240617-WA0048-150x150.jpg 150w, https:\/\/rfhe.com\/liganacionaldesalto.com\/wp-content\/uploads\/2024\/06\/IMG-20240617-WA0048-600x600.jpg 600w\" sizes=\"auto, (max-width: 150px) 100vw, 150px\" \/><\/a>\n\t\t\t<\/div><\/figure><figure class='gallery-item'>\n\t\t\t<div class='gallery-icon landscape'>\n\t\t\t\t<a href='https:\/\/rfhe.com\/liganacionaldesalto.com\/wp-content\/uploads\/2024\/06\/IMG-20240617-WA0049.jpg'><img loading=\"lazy\" decoding=\"async\" width=\"150\" height=\"150\" src=\"https:\/\/rfhe.com\/liganacionaldesalto.com\/wp-content\/uploads\/2024\/06\/IMG-20240617-WA0049-150x150.jpg\" class=\"attachment-thumbnail size-thumbnail\" alt=\"\" srcset=\"https:\/\/rfhe.com\/liganacionaldesalto.com\/wp-content\/uploads\/2024\/06\/IMG-20240617-WA0049-150x150.jpg 150w, https:\/\/rfhe.com\/liganacionaldesalto.com\/wp-content\/uploads\/2024\/06\/IMG-20240617-WA0049-600x600.jpg 600w\" sizes=\"auto, (max-width: 150px) 100vw, 150px\" \/><\/a>\n\t\t\t<\/div><\/figure><figure class='gallery-item'>\n\t\t\t<div class='gallery-icon landscape'>\n\t\t\t\t<a href='https:\/\/rfhe.com\/liganacionaldesalto.com\/wp-content\/uploads\/2024\/06\/IMG-20240617-WA0041.jpg'><img loading=\"lazy\" decoding=\"async\" width=\"150\" height=\"150\" src=\"https:\/\/rfhe.com\/liganacionaldesalto.com\/wp-content\/uploads\/2024\/06\/IMG-20240617-WA0041-150x150.jpg\" class=\"attachment-thumbnail size-thumbnail\" alt=\"\" srcset=\"https:\/\/rfhe.com\/liganacionaldesalto.com\/wp-content\/uploads\/2024\/06\/IMG-20240617-WA0041-150x150.jpg 150w, https:\/\/rfhe.com\/liganacionaldesalto.com\/wp-content\/uploads\/2024\/06\/IMG-20240617-WA0041-600x600.jpg 600w\" sizes=\"auto, (max-width: 150px) 100vw, 150px\" \/><\/a>\n\t\t\t<\/div><\/figure><figure class='gallery-item'>\n\t\t\t<div class='gallery-icon portrait'>\n\t\t\t\t<a href='https:\/\/rfhe.com\/liganacionaldesalto.com\/wp-content\/uploads\/2024\/06\/IMG-20240617-WA0042.jpg'><img loading=\"lazy\" decoding=\"async\" width=\"150\" height=\"150\" src=\"https:\/\/rfhe.com\/liganacionaldesalto.com\/wp-content\/uploads\/2024\/06\/IMG-20240617-WA0042-150x150.jpg\" class=\"attachment-thumbnail size-thumbnail\" alt=\"\" srcset=\"https:\/\/rfhe.com\/liganacionaldesalto.com\/wp-content\/uploads\/2024\/06\/IMG-20240617-WA0042-150x150.jpg 150w, https:\/\/rfhe.com\/liganacionaldesalto.com\/wp-content\/uploads\/2024\/06\/IMG-20240617-WA0042-600x600.jpg 600w\" sizes=\"auto, (max-width: 150px) 100vw, 150px\" \/><\/a>\n\t\t\t<\/div><\/figure><figure class='gallery-item'>\n\t\t\t<div class='gallery-icon portrait'>\n\t\t\t\t<a href='https:\/\/rfhe.com\/liganacionaldesalto.com\/wp-content\/uploads\/2024\/06\/IMG-20240617-WA0043.jpg'><img loading=\"lazy\" decoding=\"async\" width=\"150\" height=\"150\" src=\"https:\/\/rfhe.com\/liganacionaldesalto.com\/wp-content\/uploads\/2024\/06\/IMG-20240617-WA0043-150x150.jpg\" class=\"attachment-thumbnail size-thumbnail\" alt=\"\" srcset=\"https:\/\/rfhe.com\/liganacionaldesalto.com\/wp-content\/uploads\/2024\/06\/IMG-20240617-WA0043-150x150.jpg 150w, https:\/\/rfhe.com\/liganacionaldesalto.com\/wp-content\/uploads\/2024\/06\/IMG-20240617-WA0043-600x600.jpg 600w\" sizes=\"auto, (max-width: 150px) 100vw, 150px\" \/><\/a>\n\t\t\t<\/div><\/figure><figure class='gallery-item'>\n\t\t\t<div class='gallery-icon landscape'>\n\t\t\t\t<a href='https:\/\/rfhe.com\/liganacionaldesalto.com\/wp-content\/uploads\/2024\/06\/IMG-20240617-WA0044.jpg'><img loading=\"lazy\" decoding=\"async\" width=\"150\" height=\"150\" src=\"https:\/\/rfhe.com\/liganacionaldesalto.com\/wp-content\/uploads\/2024\/06\/IMG-20240617-WA0044-150x150.jpg\" class=\"attachment-thumbnail size-thumbnail\" alt=\"\" srcset=\"https:\/\/rfhe.com\/liganacionaldesalto.com\/wp-content\/uploads\/2024\/06\/IMG-20240617-WA0044-150x150.jpg 150w, https:\/\/rfhe.com\/liganacionaldesalto.com\/wp-content\/uploads\/2024\/06\/IMG-20240617-WA0044-600x600.jpg 600w\" sizes=\"auto, (max-width: 150px) 100vw, 150px\" \/><\/a>\n\t\t\t<\/div><\/figure>\n\t\t<\/div>\n\n<p><iframe loading=\"lazy\" id=\"inlineFrameExample\" title=\"Inline Frame Example\" src=\"https:\/\/www.rtve.es\/play\/videos\/hipica\/concurso-saltos-liga-nacional-prueba-barcelona\/16155590\/\" width=\"800\" height=\"700\"><br \/>\n<\/iframe><\/p>\n<p>&nbsp;<\/p>\n<p>Avda. Dr. Mara\u00f1\u00f3n 19-31 08028-Barcelona<br \/>\nTel\u00e9fono: +34 93 448 0400<br \/>\nFax: +34 93 334 1317<\/p>\n<p><iframe loading=\"lazy\" style=\"border: 0;\" src=\"https:\/\/www.google.com\/maps\/embed?pb=!1m18!1m12!1m3!1d7561.710959310079!2d2.1042042050504914!3d41.38186388865897!2m3!1f0!2f0!3f0!3m2!1i1024!2i768!4f13.1!3m3!1m2!1s0x12a498f80cac074f%3A0x225943abaa0899f3!2sReal%20Club%20de%20Polo%20de%20Barcelona!5e1!3m2!1ses!2ses!4v1713941138823!5m2!1ses!2ses\" width=\"600\" height=\"450\" allowfullscreen=\"allowfullscreen\"><\/iframe>;<\/p>\n","protected":false},"excerpt":{"rendered":"<p>REAL CLUB POLO DE BARCELONA \u00d3rdenes de Salida y Resultados https:\/\/rcpolo.com\/es\/ Highlights Barcelona &nbsp; Avda. Dr. Mara\u00f1\u00f3n 19-31 08028-Barcelona Tel\u00e9fono: +34 93 448 0400 Fax: +34 93 334 1317 ;<\/p>\n","protected":false},"author":1,"featured_media":0,"parent":109,"menu_order":0,"comment_status":"closed","ping_status":"closed","template":"","meta":{"footnotes":""},"class_list":["post-487","page","type-page","status-publish","hentry","entry"],"_links":{"self":[{"href":"https:\/\/rfhe.com\/liganacionaldesalto.com\/wp-json\/wp\/v2\/pages\/487","targetHints":{"allow":["GET"]}}],"collection":[{"href":"https:\/\/rfhe.com\/liganacionaldesalto.com\/wp-json\/wp\/v2\/pages"}],"about":[{"href":"https:\/\/rfhe.com\/liganacionaldesalto.com\/wp-json\/wp\/v2\/types\/page"}],"author":[{"embeddable":true,"href":"https:\/\/rfhe.com\/liganacionaldesalto.com\/wp-json\/wp\/v2\/users\/1"}],"replies":[{"embeddable":true,"href":"https:\/\/rfhe.com\/liganacionaldesalto.com\/wp-json\/wp\/v2\/comments?post=487"}],"version-history":[{"count":13,"href":"https:\/\/rfhe.com\/liganacionaldesalto.com\/wp-json\/wp\/v2\/pages\/487\/revisions"}],"predecessor-version":[{"id":782,"href":"https:\/\/rfhe.com\/liganacionaldesalto.com\/wp-json\/wp\/v2\/pages\/487\/revisions\/782"}],"up":[{"embeddable":true,"href":"https:\/\/rfhe.com\/liganacionaldesalto.com\/wp-json\/wp\/v2\/pages\/109"}],"wp:attachment":[{"href":"https:\/\/rfhe.com\/liganacionaldesalto.com\/wp-json\/wp\/v2\/media?parent=487"}],"curies":[{"name":"wp","href":"https:\/\/api.w.org\/{rel}","templated":true}]}}