{"id":930,"date":"2025-04-14T11:45:51","date_gmt":"2025-04-14T10:45:51","guid":{"rendered":"https:\/\/rfhe.com\/liganacionaldesalto.com\/?page_id=930"},"modified":"2025-08-27T11:10:29","modified_gmt":"2025-08-27T10:10:29","slug":"barcelona-2025","status":"publish","type":"page","link":"https:\/\/rfhe.com\/liganacionaldesalto.com\/sedes\/barcelona-2025\/","title":{"rendered":"BARCELONA 2025"},"content":{"rendered":"<h2 style=\"text-align: center;\">Del 13 al 15 de Junio<\/h2>\n<p><iframe loading=\"lazy\" style=\"border: 0;\" src=\"https:\/\/www.clipmyhorse.tv\/es_ES\/ondemand\/event\/16498\/competition\/385443\" width=\"600\" height=\"600\" allowfullscreen=\"allowfullscreen\"><\/iframe><br \/>\n<iframe loading=\"lazy\" style=\"border: 0;\" src=\"https:\/\/www.google.com\/maps\/embed?pb=!1m18!1m12!1m3!1d7561.710959310079!2d2.1042042050504914!3d41.38186388865897!2m3!1f0!2f0!3f0!3m2!1i1024!2i768!4f13.1!3m3!1m2!1s0x12a498f80cac074f%3A0x225943abaa0899f3!2sReal%20Club%20de%20Polo%20de%20Barcelona!5e1!3m2!1ses!2ses!4v1713941138823!5m2!1ses!2ses\" width=\"600\" height=\"450\" allowfullscreen=\"allowfullscreen\"><\/iframe><\/p>\n<p>Avda. Dr. Mara\u00f1\u00f3n 19-31 08028-Barcelona<br \/>\nTel\u00e9fono: +34 93 448 0400<br \/>\nFax: +34 93 334 1317<\/p>\n","protected":false},"excerpt":{"rendered":"<p>Del 13 al 15 de Junio Avda. Dr. Mara\u00f1\u00f3n 19-31 08028-Barcelona Tel\u00e9fono: +34 93 448 0400 Fax: +34 93 334 1317<\/p>\n","protected":false},"author":1,"featured_media":0,"parent":109,"menu_order":0,"comment_status":"closed","ping_status":"closed","template":"","meta":{"footnotes":""},"class_list":["post-930","page","type-page","status-publish","hentry","entry"],"_links":{"self":[{"href":"https:\/\/rfhe.com\/liganacionaldesalto.com\/wp-json\/wp\/v2\/pages\/930","targetHints":{"allow":["GET"]}}],"collection":[{"href":"https:\/\/rfhe.com\/liganacionaldesalto.com\/wp-json\/wp\/v2\/pages"}],"about":[{"href":"https:\/\/rfhe.com\/liganacionaldesalto.com\/wp-json\/wp\/v2\/types\/page"}],"author":[{"embeddable":true,"href":"https:\/\/rfhe.com\/liganacionaldesalto.com\/wp-json\/wp\/v2\/users\/1"}],"replies":[{"embeddable":true,"href":"https:\/\/rfhe.com\/liganacionaldesalto.com\/wp-json\/wp\/v2\/comments?post=930"}],"version-history":[{"count":7,"href":"https:\/\/rfhe.com\/liganacionaldesalto.com\/wp-json\/wp\/v2\/pages\/930\/revisions"}],"predecessor-version":[{"id":1160,"href":"https:\/\/rfhe.com\/liganacionaldesalto.com\/wp-json\/wp\/v2\/pages\/930\/revisions\/1160"}],"up":[{"embeddable":true,"href":"https:\/\/rfhe.com\/liganacionaldesalto.com\/wp-json\/wp\/v2\/pages\/109"}],"wp:attachment":[{"href":"https:\/\/rfhe.com\/liganacionaldesalto.com\/wp-json\/wp\/v2\/media?parent=930"}],"curies":[{"name":"wp","href":"https:\/\/api.w.org\/{rel}","templated":true}]}}